{"id":103,"date":"2020-11-07T12:33:18","date_gmt":"2020-11-07T12:33:18","guid":{"rendered":"https:\/\/artesansdesantcugat.com\/?page_id=103"},"modified":"2025-01-29T10:05:09","modified_gmt":"2025-01-29T10:05:09","slug":"contacte","status":"publish","type":"page","link":"https:\/\/artesansdesantcugat.com\/index.php\/contacte\/","title":{"rendered":"Contacte"},"content":{"rendered":"<p>[et_pb_section fb_built=&#8221;1&#8243; _builder_version=&#8221;4.16&#8243; global_colors_info=&#8221;{}&#8221;][et_pb_row _builder_version=&#8221;4.16&#8243; custom_margin=&#8221;-40px||||false|false&#8221; global_colors_info=&#8221;{}&#8221;][et_pb_column type=&#8221;4_4&#8243; _builder_version=&#8221;4.16&#8243; global_colors_info=&#8221;{}&#8221;][et_pb_text _builder_version=&#8221;4.16&#8243; global_colors_info=&#8221;{}&#8221;]<\/p>\n<h2 class=\"titol_text\">Contacta amb els artesans<\/h2>\n<p>[\/et_pb_text][\/et_pb_column][\/et_pb_row][et_pb_row _builder_version=&#8221;4.16&#8243; custom_margin=&#8221;-80px||||false|false&#8221; global_colors_info=&#8221;{}&#8221;][et_pb_column type=&#8221;4_4&#8243; _builder_version=&#8221;4.16&#8243; global_colors_info=&#8221;{}&#8221;][et_pb_text _builder_version=&#8221;4.16&#8243; global_colors_info=&#8221;{}&#8221;]<\/p>\n<p><span>Si voleu coneixer la nostra Associaci\u00f3 o teniu alguna consulta, no dubteu en enviar un correu a\u00a0<strong><a href=\"mailto:artstcugat@hotmail.com\">artstcugat@hotmail.com<\/a>, <\/strong>o enviar-nos un missatge al nostre instagram <strong><a href=\"https:\/\/www.instagram.com\/artesans_sant_cugat\" target=\"_blank\" rel=\"noopener noreferrer\">@artesans_sant_cugat<\/a><\/strong><\/span>.<\/p>\n<p>[\/et_pb_text][\/et_pb_column][\/et_pb_row][et_pb_row column_structure=&#8221;1_3,1_3,1_3&#8243; _builder_version=&#8221;4.16&#8243; custom_margin=&#8221;-20px||||false|false&#8221; global_colors_info=&#8221;{}&#8221;][et_pb_column type=&#8221;1_3&#8243; _builder_version=&#8221;4.16&#8243; global_colors_info=&#8221;{}&#8221;][et_pb_blurb title=&#8221;artstcugat@hotmail.com&#8221; url=&#8221;mailto:artstcugat@hotmail.com&#8221; use_icon=&#8221;on&#8221; font_icon=&#8221;&#xe010;||divi||400&#8243; image_icon_background_color=&#8221;#ffffff&#8221; image_icon_width=&#8221;48px&#8221; font_icon_last_edited=&#8221;off|tablet&#8221; _builder_version=&#8221;4.16&#8243; header_level=&#8221;h2&#8243; header_text_align=&#8221;center&#8221; image_icon_custom_padding=&#8221;25px|25px|25px|25px|false|false&#8221; border_radii_image=&#8221;on|100%|100%|100%|100%&#8221; border_width_all_image=&#8221;3px&#8221; border_color_all_image=&#8221;#f7782e&#8221; use_circle=&#8221;on&#8221; use_circle_border=&#8221;on&#8221; circle_color=&#8221;#ffffff&#8221; global_colors_info=&#8221;{}&#8221; image_icon_background_color__sticky_enabled=&#8221;#f7782e&#8221; image_icon_background_color__sticky=&#8221;#f7782e&#8221;]<\/p>\n<p style=\"text-align: center;\"><span>envia&#8217;ns un correu electr\u00f2nic<\/span><\/p>\n<p>[\/et_pb_blurb][\/et_pb_column][et_pb_column type=&#8221;1_3&#8243; _builder_version=&#8221;4.16&#8243; global_colors_info=&#8221;{}&#8221;][et_pb_blurb title=&#8221;@artesans_sant_cugat&#8221; url=&#8221;https:\/\/www.instagram.com\/artesans_sant_cugat\/&#8221; url_new_window=&#8221;on&#8221; use_icon=&#8221;on&#8221; font_icon=&#8221;&#xe09a;||divi||400&#8243; image_icon_background_color=&#8221;#ffffff&#8221; image_icon_width=&#8221;48px&#8221; font_icon_last_edited=&#8221;off|tablet&#8221; _builder_version=&#8221;4.16&#8243; header_level=&#8221;h2&#8243; header_text_align=&#8221;center&#8221; image_icon_custom_padding=&#8221;25px|25px|25px|25px|false|false&#8221; border_radii_image=&#8221;on|100%|100%|100%|100%&#8221; border_width_all_image=&#8221;3px&#8221; border_color_all_image=&#8221;#f7782e&#8221; use_circle=&#8221;on&#8221; use_circle_border=&#8221;on&#8221; circle_color=&#8221;#ffffff&#8221; global_colors_info=&#8221;{}&#8221; image_icon_background_color__sticky_enabled=&#8221;#f7782e&#8221; image_icon_background_color__sticky=&#8221;#f7782e&#8221;]<\/p>\n<p style=\"text-align: center;\"><span>envia&#8217;ns un missatge per instagram<\/span><\/p>\n<p>[\/et_pb_blurb][\/et_pb_column][et_pb_column type=&#8221;1_3&#8243; _builder_version=&#8221;4.16&#8243; global_colors_info=&#8221;{}&#8221;][et_pb_blurb title=&#8221;623527941&#8243; use_icon=&#8221;on&#8221; font_icon=&#8221;&#xe090;||divi||400&#8243; image_icon_background_color=&#8221;#ffffff&#8221; image_icon_width=&#8221;48px&#8221; font_icon_last_edited=&#8221;off|tablet&#8221; disabled_on=&#8221;on|off|off&#8221; _builder_version=&#8221;4.16&#8243; header_level=&#8221;h2&#8243; header_text_align=&#8221;center&#8221; image_icon_custom_padding=&#8221;25px|25px|25px|25px|false|false&#8221; border_radii_image=&#8221;on|100%|100%|100%|100%&#8221; border_width_all_image=&#8221;3px&#8221; border_color_all_image=&#8221;#f7782e&#8221; use_circle=&#8221;on&#8221; use_circle_border=&#8221;on&#8221; circle_color=&#8221;#ffffff&#8221; global_colors_info=&#8221;{}&#8221; image_icon_background_color__sticky_enabled=&#8221;#f7782e&#8221; image_icon_background_color__sticky=&#8221;#f7782e&#8221;]<\/p>\n<p style=\"text-align: center;\"><span>de dilluns a divendres<\/span><\/p>\n<p>[\/et_pb_blurb][et_pb_blurb title=&#8221;623527941&#8243; url=&#8221;tel:623527941&#8243; use_icon=&#8221;on&#8221; font_icon=&#8221;&#xe090;||divi||400&#8243; image_icon_background_color=&#8221;#ffffff&#8221; image_icon_width=&#8221;48px&#8221; font_icon_last_edited=&#8221;off|tablet&#8221; disabled_on=&#8221;off|on|on&#8221; _builder_version=&#8221;4.16&#8243; header_level=&#8221;h2&#8243; header_text_align=&#8221;center&#8221; image_icon_custom_padding=&#8221;25px|25px|25px|25px|false|false&#8221; border_radii_image=&#8221;on|100%|100%|100%|100%&#8221; border_width_all_image=&#8221;3px&#8221; border_color_all_image=&#8221;#f7782e&#8221; use_circle=&#8221;on&#8221; use_circle_border=&#8221;on&#8221; circle_color=&#8221;#ffffff&#8221; global_colors_info=&#8221;{}&#8221; image_icon_background_color__sticky_enabled=&#8221;#f7782e&#8221; image_icon_background_color__sticky=&#8221;#f7782e&#8221;]<\/p>\n<p style=\"text-align: center;\"><span>de dilluns a divendres<\/span><\/p>\n<p>[\/et_pb_blurb][et_pb_blurb title=&#8221;623527941&#8243; url=&#8221;https:\/\/wa.me\/+34623527941&#8243; use_icon=&#8221;on&#8221; font_icon=&#8221;&#xf232;||fa||400&#8243; image_icon_background_color=&#8221;#ffffff&#8221; image_icon_width=&#8221;48px&#8221; font_icon_last_edited=&#8221;off|tablet&#8221; disabled_on=&#8221;off|on|on&#8221; _builder_version=&#8221;4.16&#8243; header_level=&#8221;h2&#8243; header_text_align=&#8221;center&#8221; image_icon_custom_padding=&#8221;25px|25px|25px|25px|false|false&#8221; border_radii_image=&#8221;on|100%|100%|100%|100%&#8221; border_width_all_image=&#8221;3px&#8221; border_color_all_image=&#8221;#f7782e&#8221; use_circle=&#8221;on&#8221; use_circle_border=&#8221;on&#8221; circle_color=&#8221;#ffffff&#8221; global_colors_info=&#8221;{}&#8221; image_icon_background_color__sticky_enabled=&#8221;#f7782e&#8221; image_icon_background_color__sticky=&#8221;#f7782e&#8221;]<\/p>\n<p style=\"text-align: center;\"><span>de dilluns a divendres<\/span><\/p>\n<p>[\/et_pb_blurb][\/et_pb_column][\/et_pb_row][et_pb_row _builder_version=&#8221;4.16&#8243; custom_margin=&#8221;-20px||||false|false&#8221; global_colors_info=&#8221;{}&#8221;][et_pb_column type=&#8221;4_4&#8243; _builder_version=&#8221;4.16&#8243; global_colors_info=&#8221;{}&#8221;][et_pb_divider color=&#8221;#dddddd&#8221; _builder_version=&#8221;4.16&#8243; global_colors_info=&#8221;{}&#8221;][\/et_pb_divider][\/et_pb_column][\/et_pb_row][et_pb_row column_structure=&#8221;2_3,1_3&#8243; _builder_version=&#8221;4.16&#8243; custom_margin=&#8221;||||false|false&#8221; global_colors_info=&#8221;{}&#8221;][et_pb_column type=&#8221;2_3&#8243; _builder_version=&#8221;4.16&#8243; global_colors_info=&#8221;{}&#8221;][et_pb_text _builder_version=&#8221;4.16&#8243; global_colors_info=&#8221;{}&#8221;]<\/p>\n<p><span>Si est\u00e0s interessat\/ada en participar com a convidat\/da en alguna de les nostres fires, cal que el teu producte sigui ARTES\u00c0 (fet a m\u00e0 i no manufacturat o importat) i \u00e9s necessari que ens facis arribar la documentaci\u00f3 que et detallem a continuaci\u00f3 (al correu artstcugat@hotmail.com):<\/span><\/p>\n<p><span><strong>-Dades completes:<\/strong> nom, cognom, e-mail, tel\u00e8fon i c\u00f2pia DNI \u00a0 \u00a0 \u00a0<br \/><\/span><span><strong>-Fotoc\u00f2pia Carnet d&#8217;artes\u00e0<\/strong> (preferiblement)<br \/><\/span><strong>-Fotografies del producte<br \/><\/strong><span><strong>-Breu descripci\u00f3<\/strong> del proc\u00e9s de fabricaci\u00f3 de les peces<br \/><\/span><strong>-Fotografies del taller i de la parada<\/strong><\/p>\n<p><span>Aix\u00ed que disposem de tota la teva documentaci\u00f3, si t&#8217;ajustes als criteris establerts, t&#8217;inclourem a la nostra base de dades i et tindrem en compte per quan hi hagi places vacants.<\/span><\/p>\n<p>[\/et_pb_text][\/et_pb_column][et_pb_column type=&#8221;1_3&#8243; _builder_version=&#8221;4.16&#8243; global_colors_info=&#8221;{}&#8221;][et_pb_blurb title=&#8221;Artesans de Sant Cugat del Vall\u00e8s&#8221; image=&#8221;https:\/\/artesansdesantcugat.com\/wp-content\/uploads\/2020\/11\/maneta.jpg&#8221; _builder_version=&#8221;4.16&#8243; header_font=&#8221;|600|||||||&#8221; background_enable_color=&#8221;off&#8221; text_orientation=&#8221;center&#8221; border_radii=&#8221;on|2px|2px|2px|2px&#8221; border_width_all=&#8221;1px&#8221; border_color_all=&#8221;#aaaaaa&#8221; global_colors_info=&#8221;{}&#8221;]<\/p>\n<p><span>Castellv\u00ed, s\/n (Casal de Cultura)<\/span><br \/> <span>08173 &#8211; Sant Cugat del Vall\u00e8s<\/span><\/p>\n<p>[\/et_pb_blurb][\/et_pb_column][\/et_pb_row][\/et_pb_section]<\/p>\n","protected":false},"excerpt":{"rendered":"<p>Contacta amb els artesansSi voleu coneixer la nostra Associaci\u00f3 o teniu alguna consulta, no dubteu en enviar un correu a\u00a0artstcugat@hotmail.com, o enviar-nos un missatge al nostre instagram @artesans_sant_cugat.envia&#8217;ns un correu electr\u00f2nicenvia&#8217;ns un missatge per instagramde dilluns a divendresde dilluns a divendresde dilluns a divendresSi est\u00e0s interessat\/ada en participar com a convidat\/da en alguna de les [&hellip;]<\/p>\n","protected":false},"author":1,"featured_media":0,"parent":0,"menu_order":0,"comment_status":"closed","ping_status":"closed","template":"","meta":{"_et_pb_use_builder":"on","_et_pb_old_content":"<!-- wp:divi\/placeholder \/-->","_et_gb_content_width":"","footnotes":""},"class_list":["post-103","page","type-page","status-publish","hentry"],"_links":{"self":[{"href":"https:\/\/artesansdesantcugat.com\/index.php\/wp-json\/wp\/v2\/pages\/103","targetHints":{"allow":["GET"]}}],"collection":[{"href":"https:\/\/artesansdesantcugat.com\/index.php\/wp-json\/wp\/v2\/pages"}],"about":[{"href":"https:\/\/artesansdesantcugat.com\/index.php\/wp-json\/wp\/v2\/types\/page"}],"author":[{"embeddable":true,"href":"https:\/\/artesansdesantcugat.com\/index.php\/wp-json\/wp\/v2\/users\/1"}],"replies":[{"embeddable":true,"href":"https:\/\/artesansdesantcugat.com\/index.php\/wp-json\/wp\/v2\/comments?post=103"}],"version-history":[{"count":23,"href":"https:\/\/artesansdesantcugat.com\/index.php\/wp-json\/wp\/v2\/pages\/103\/revisions"}],"predecessor-version":[{"id":1003,"href":"https:\/\/artesansdesantcugat.com\/index.php\/wp-json\/wp\/v2\/pages\/103\/revisions\/1003"}],"wp:attachment":[{"href":"https:\/\/artesansdesantcugat.com\/index.php\/wp-json\/wp\/v2\/media?parent=103"}],"curies":[{"name":"wp","href":"https:\/\/api.w.org\/{rel}","templated":true}]}}