{"id":107,"date":"2020-11-07T12:34:26","date_gmt":"2020-11-07T12:34:26","guid":{"rendered":"https:\/\/artesansdesantcugat.com\/?page_id=107"},"modified":"2023-05-11T17:14:55","modified_gmt":"2023-05-11T17:14:55","slug":"lassociacio","status":"publish","type":"page","link":"https:\/\/artesansdesantcugat.com\/index.php\/lassociacio\/","title":{"rendered":"L&#8217;associaci\u00f3"},"content":{"rendered":"<p>[et_pb_section fb_built=&#8221;1&#8243; _builder_version=&#8221;4.16&#8243; global_colors_info=&#8221;{}&#8221;][et_pb_row _builder_version=&#8221;4.16&#8243; custom_margin=&#8221;-40px||||false|false&#8221; global_colors_info=&#8221;{}&#8221;][et_pb_column type=&#8221;4_4&#8243; _builder_version=&#8221;4.16&#8243; global_colors_info=&#8221;{}&#8221;][et_pb_text _builder_version=&#8221;4.16&#8243; global_colors_info=&#8221;{}&#8221;]<\/p>\n<h2 class=\"titol_text\">L&#8217;associaci\u00f3<\/h2>\n<p>[\/et_pb_text][\/et_pb_column][\/et_pb_row][et_pb_row column_structure=&#8221;3_4,1_4&#8243; _builder_version=&#8221;4.16&#8243; custom_margin=&#8221;-80px||||false|false&#8221; global_colors_info=&#8221;{}&#8221;][et_pb_column type=&#8221;3_4&#8243; _builder_version=&#8221;4.16&#8243; global_colors_info=&#8221;{}&#8221;][et_pb_text _builder_version=&#8221;4.16&#8243; global_colors_info=&#8221;{}&#8221;]<\/p>\n<p><span>Som una iniciativa d&#8217;artesans residents en el municipi de Sant Cugat.<\/span><br \/> <span>V\u00e0rem n\u00e9ixer per la inquietud d&#8217;establir un punt de trobada entre els oficis que exercim com artesans i el nostre municipi.<br \/> <\/span><span>Dins del nostre col\u00b7lectiu hi ha una \u00e0mplia i diversa representaci\u00f3 d&#8217;antics i tradicionals oficis que treballant de manera artesana donen forma als materials, tal com: vidre, bolsos de cuir, joguines de fusta, roba infantil i d&#8217;adult, cer\u00e0mica, cosm\u00e8tica, joieria en plata, punt de creu, escultura i roba i complements.<\/span><\/p>\n<p><span>Lluitem per mantenir unes t\u00e8cniques professionals lluny de la comercialitzaci\u00f3 massiva i\/o seriada. Per tal de mantenir els nostres productes amb una autenticitat pr\u00f2pia del seu origen creatiu. Aix\u00f2 ens porta a poder oferir qualitat, originals i dissenys exclusius.<\/span><\/p>\n<p>[\/et_pb_text][\/et_pb_column][et_pb_column type=&#8221;1_4&#8243; _builder_version=&#8221;4.16&#8243; global_colors_info=&#8221;{}&#8221;][et_pb_image src=&#8221;https:\/\/artesansdesantcugat.com\/wp-content\/uploads\/2020\/11\/faviconsantcugat-1.jpg&#8221; title_text=&#8221;faviconsantcugat&#8221; _builder_version=&#8221;4.16&#8243; global_colors_info=&#8221;{}&#8221;][\/et_pb_image][\/et_pb_column][\/et_pb_row][et_pb_row column_structure=&#8221;1_2,1_2&#8243; _builder_version=&#8221;4.16&#8243; custom_margin=&#8221;-60px||-60px||false|false&#8221; global_colors_info=&#8221;{}&#8221;][et_pb_column type=&#8221;1_2&#8243; _builder_version=&#8221;4.16&#8243; global_colors_info=&#8221;{}&#8221;][et_pb_image src=&#8221;https:\/\/artesansdesantcugat.com\/wp-content\/uploads\/2020\/11\/firadeNadalPlOctavia.jpg&#8221; title_text=&#8221;firadeNadalPlOctavia&#8221; disabled_on=&#8221;on|off|off&#8221; _builder_version=&#8221;4.16&#8243; global_colors_info=&#8221;{}&#8221;][\/et_pb_image][\/et_pb_column][et_pb_column type=&#8221;1_2&#8243; _builder_version=&#8221;4.16&#8243; global_colors_info=&#8221;{}&#8221;][et_pb_text _builder_version=&#8221;4.16&#8243; global_colors_info=&#8221;{}&#8221;]<\/p>\n<h2 class=\"titol_text\">Els nostres Objectius<\/h2>\n<p>1. Obtenir un empla\u00e7ament amb caire de continu\u00eftat, on oferir i promocionar els productes artesans.<\/p>\n<p>2. Obtenir una acreditada valoraci\u00f3 del producte artes\u00e0.<\/p>\n<p>3. Divulgar la cultura dels oficis artesans.<\/p>\n<p>4. Facilitar l&#8217;intercanvi d&#8217;experi\u00e8ncies entre artesans.<\/p>\n<p>5. Donar a con\u00e8ixer i informar sobre els nostres productes, el seu proc\u00e9s d&#8217;elaboraci\u00f3, la qualitat dels materials, etc.<\/p>\n<p>6. Obtenir la confian\u00e7a de la gent mitjan\u00e7ant la qualitat del nostre producte.<\/p>\n<p>7. Tenir una projecci\u00f3 de coneixen\u00e7a local i, fins i tot, m\u00e9s enll\u00e0 del propi municipi.<\/p>\n<p>&nbsp;<\/p>\n<p>[\/et_pb_text][\/et_pb_column][\/et_pb_row][\/et_pb_section]<\/p>\n","protected":false},"excerpt":{"rendered":"<p>L&#8217;associaci\u00f3Som una iniciativa d&#8217;artesans residents en el municipi de Sant Cugat. V\u00e0rem n\u00e9ixer per la inquietud d&#8217;establir un punt de trobada entre els oficis que exercim com artesans i el nostre municipi. Dins del nostre col\u00b7lectiu hi ha una \u00e0mplia i diversa representaci\u00f3 d&#8217;antics i tradicionals oficis que treballant de manera artesana donen forma als [&hellip;]<\/p>\n","protected":false},"author":1,"featured_media":0,"parent":0,"menu_order":0,"comment_status":"closed","ping_status":"closed","template":"","meta":{"_et_pb_use_builder":"on","_et_pb_old_content":"<!-- wp:divi\/placeholder \/-->","_et_gb_content_width":"","footnotes":""},"class_list":["post-107","page","type-page","status-publish","hentry"],"_links":{"self":[{"href":"https:\/\/artesansdesantcugat.com\/index.php\/wp-json\/wp\/v2\/pages\/107","targetHints":{"allow":["GET"]}}],"collection":[{"href":"https:\/\/artesansdesantcugat.com\/index.php\/wp-json\/wp\/v2\/pages"}],"about":[{"href":"https:\/\/artesansdesantcugat.com\/index.php\/wp-json\/wp\/v2\/types\/page"}],"author":[{"embeddable":true,"href":"https:\/\/artesansdesantcugat.com\/index.php\/wp-json\/wp\/v2\/users\/1"}],"replies":[{"embeddable":true,"href":"https:\/\/artesansdesantcugat.com\/index.php\/wp-json\/wp\/v2\/comments?post=107"}],"version-history":[{"count":9,"href":"https:\/\/artesansdesantcugat.com\/index.php\/wp-json\/wp\/v2\/pages\/107\/revisions"}],"predecessor-version":[{"id":845,"href":"https:\/\/artesansdesantcugat.com\/index.php\/wp-json\/wp\/v2\/pages\/107\/revisions\/845"}],"wp:attachment":[{"href":"https:\/\/artesansdesantcugat.com\/index.php\/wp-json\/wp\/v2\/media?parent=107"}],"curies":[{"name":"wp","href":"https:\/\/api.w.org\/{rel}","templated":true}]}}