{"id":13,"date":"2020-11-03T16:39:51","date_gmt":"2020-11-03T16:39:51","guid":{"rendered":"https:\/\/artesansdesantcugat.com\/?page_id=13"},"modified":"2020-11-08T12:13:45","modified_gmt":"2020-11-08T12:13:45","slug":"tallers","status":"publish","type":"page","link":"https:\/\/artesansdesantcugat.com\/index.php\/tallers\/","title":{"rendered":"Tallers"},"content":{"rendered":"<p>[et_pb_section fb_built=&#8221;1&#8243; _builder_version=&#8221;4.4.8&#8243; hover_enabled=&#8221;0&#8243;][et_pb_row _builder_version=&#8221;4.4.8&#8243; custom_margin=&#8221;-40px||||false|false&#8221; hover_enabled=&#8221;0&#8243;][et_pb_column _builder_version=&#8221;4.4.8&#8243; type=&#8221;4_4&#8243;][et_pb_text _builder_version=&#8221;4.4.8&#8243; hover_enabled=&#8221;0&#8243;]<\/p>\n<h2 class=\"titol_text\">Tallers gratu\u00efts per a tothom!<\/h2>\n<p>&nbsp;<\/p>\n<p>[\/et_pb_text][\/et_pb_column][\/et_pb_row][et_pb_row _builder_version=&#8221;4.4.8&#8243; column_structure=&#8221;1_3,2_3&#8243; custom_margin=&#8221;-80px||||false|false&#8221; hover_enabled=&#8221;0&#8243;][et_pb_column _builder_version=&#8221;4.4.8&#8243; type=&#8221;1_3&#8243;][et_pb_image src=&#8221;https:\/\/artesansdesantcugat.com\/wp-content\/uploads\/2020\/11\/tallers.jpg&#8221; _builder_version=&#8221;4.4.8&#8243; hover_enabled=&#8221;0&#8243; title_text=&#8221;tallers&#8221;][\/et_pb_image][\/et_pb_column][et_pb_column _builder_version=&#8221;4.4.8&#8243; type=&#8221;2_3&#8243;][et_pb_text _builder_version=&#8221;4.4.8&#8243; hover_enabled=&#8221;0&#8243;]<\/p>\n<p>Tenint en compte les nostres necessitats i objectius, vam trobar necessari obrir una via de comunicaci\u00f3 de caire did\u00e0ctic i l\u00fadic a trav\u00e9s dels tallers. Aquests s\u00f3n una pe\u00e7a clau dins de la nostra iniciativa com a entitat d&#8217;artesans.<\/p>\n<p>En alguns dels nostres tallers mostrem com treballem nosaltres i possibilitem que tothom pugui intentar-ho. Expliquem i mostrem d&#8217;una manera pr\u00e0ctica tot el proc\u00e9s a partir del qual s&#8217;obt\u00e9 el producte artes\u00e0 al voltant del qual gira el taller. S&#8217;ensenya la t\u00e8cnica i els participants comproven com cadasc\u00fa obt\u00e9 un resultat diferent per la implicaci\u00f3 creativa individual.<\/p>\n<p>En altres tallers fem que els m\u00e9s petits passin ua estona divertida, utilitzant diferents t\u00e8cniques i materials, plastelina, cartr\u00f3, pintures, teles, fins i tot les fulles dels arbres&#8230; I aixi treballen una estona amb les mans i aprenen a crear de forma diferent.<\/p>\n<p>Aquests tallers s\u00f3n gratu\u00efts. Als participants se&#8217;ls proporciona els materials i les eines, se&#8217;ls ensenya la t\u00e8cnica i, en acabat, es poden endur la seva pe\u00e7a sense haver de pagar res.<\/p>\n<p>Consulteu el nostre instagram <a href=\"https:\/\/www.instagram.com\/artesans_sant_cugat\" target=\"_blank\" rel=\"noopener noreferrer\">@artesansdesantcugat<\/a> per saber quin ser\u00e1 el proxim taller!<\/p>\n<p>[\/et_pb_text][\/et_pb_column][\/et_pb_row][et_pb_row _builder_version=&#8221;4.4.8&#8243; hover_enabled=&#8221;0&#8243; custom_margin=&#8221;||-80px||false|false&#8221;][et_pb_column _builder_version=&#8221;4.4.8&#8243; type=&#8221;4_4&#8243;][et_pb_gallery _builder_version=&#8221;4.4.8&#8243; gallery_ids=&#8221;337,338,339,340,344,345,346,347&#8243; hover_enabled=&#8221;0&#8243; admin_label=&#8221;Tallers&#8221; width=&#8221;100%&#8221; title_level=&#8221;h6&#8243; gallery_orderby=&#8221;rand&#8221; pagination_font_size=&#8221;14px&#8221; animation_style=&#8221;fade&#8221;][\/et_pb_gallery][\/et_pb_column][\/et_pb_row][\/et_pb_section]<\/p>\n","protected":false},"excerpt":{"rendered":"<p>Tallers gratu\u00efts per a tothom! &nbsp; Tenint en compte les nostres necessitats i objectius, vam trobar necessari obrir una via de comunicaci\u00f3 de caire did\u00e0ctic i l\u00fadic a trav\u00e9s dels tallers. Aquests s\u00f3n una pe\u00e7a clau dins de la nostra iniciativa com a entitat d&#8217;artesans. En alguns dels nostres tallers mostrem com treballem nosaltres i [&hellip;]<\/p>\n","protected":false},"author":1,"featured_media":0,"parent":0,"menu_order":0,"comment_status":"closed","ping_status":"closed","template":"","meta":{"_et_pb_use_builder":"on","_et_pb_old_content":"","_et_gb_content_width":"","footnotes":""},"class_list":["post-13","page","type-page","status-publish","hentry"],"_links":{"self":[{"href":"https:\/\/artesansdesantcugat.com\/index.php\/wp-json\/wp\/v2\/pages\/13","targetHints":{"allow":["GET"]}}],"collection":[{"href":"https:\/\/artesansdesantcugat.com\/index.php\/wp-json\/wp\/v2\/pages"}],"about":[{"href":"https:\/\/artesansdesantcugat.com\/index.php\/wp-json\/wp\/v2\/types\/page"}],"author":[{"embeddable":true,"href":"https:\/\/artesansdesantcugat.com\/index.php\/wp-json\/wp\/v2\/users\/1"}],"replies":[{"embeddable":true,"href":"https:\/\/artesansdesantcugat.com\/index.php\/wp-json\/wp\/v2\/comments?post=13"}],"version-history":[{"count":15,"href":"https:\/\/artesansdesantcugat.com\/index.php\/wp-json\/wp\/v2\/pages\/13\/revisions"}],"predecessor-version":[{"id":355,"href":"https:\/\/artesansdesantcugat.com\/index.php\/wp-json\/wp\/v2\/pages\/13\/revisions\/355"}],"wp:attachment":[{"href":"https:\/\/artesansdesantcugat.com\/index.php\/wp-json\/wp\/v2\/media?parent=13"}],"curies":[{"name":"wp","href":"https:\/\/api.w.org\/{rel}","templated":true}]}}