{"id":43,"date":"2020-11-03T17:42:16","date_gmt":"2020-11-03T17:42:16","guid":{"rendered":"https:\/\/artesansdesantcugat.com\/?page_id=43"},"modified":"2026-01-14T19:23:35","modified_gmt":"2026-01-14T19:23:35","slug":"portada","status":"publish","type":"page","link":"https:\/\/artesansdesantcugat.com\/","title":{"rendered":"Portada"},"content":{"rendered":"<p>[et_pb_section fb_built=&#8221;1&#8243; _builder_version=&#8221;4.24.0&#8243; background_enable_color=&#8221;off&#8221; background_enable_image=&#8221;off&#8221; vertical_offset=&#8221;0px&#8221; custom_margin=&#8221;||||false|false&#8221; global_colors_info=&#8221;{}&#8221;][et_pb_row disabled_on=&#8221;on|off|off&#8221; _builder_version=&#8221;4.24.0&#8243; width=&#8221;100%&#8221; max_width=&#8221;1920px&#8221; custom_margin=&#8221;-80px||-80px||false|false&#8221; global_colors_info=&#8221;{}&#8221;][et_pb_column type=&#8221;4_4&#8243; _builder_version=&#8221;4.16&#8243; global_colors_info=&#8221;{}&#8221;][et_pb_slider show_image_video_mobile=&#8221;on&#8221; use_bg_overlay=&#8221;off&#8221; use_text_overlay=&#8221;off&#8221; arrows_custom_color=&#8221;#777777&#8243; dot_nav_custom_color=&#8221;#777777&#8243; _builder_version=&#8221;4.27.4&#8243; _module_preset=&#8221;default&#8221; header_text_color=&#8221;#555555&#8243; header_font_size=&#8221;36px&#8221; body_text_color=&#8221;#888888&#8243; background_color=&#8221;#FFFFFF&#8221; button_rel=&#8221;off|off|off|off|off&#8221; module_alignment=&#8221;center&#8221; content_width=&#8221;85%&#8221; custom_margin=&#8221;-140px||-150px||false|false&#8221; animation_style=&#8221;fade&#8221; auto=&#8221;on&#8221; auto_speed=&#8221;12000&#8243; auto_ignore_hover=&#8221;on&#8221; hover_enabled=&#8221;0&#8243; border_radii_image=&#8221;on|40px|40px|40px|40px&#8221; border_width_all_image=&#8221;2px&#8221; border_color_all_image=&#8221;#cccccc&#8221; global_colors_info=&#8221;{}&#8221; sticky_enabled=&#8221;0&#8243;][et_pb_slide heading=&#8221;Fira d&#8217;artesans a la Pla\u00e7a Octavi\u00e0 &#8221; image=&#8221;https:\/\/artesansdesantcugat.com\/wp-content\/uploads\/2026\/01\/portada2026.jpg&#8221; _builder_version=&#8221;4.27.4&#8243; _module_preset=&#8221;default&#8221; background_color=&#8221;#FFFFFF&#8221; background_enable_color=&#8221;on&#8221; overflow-x=&#8221;hidden&#8221; overflow-y=&#8221;hidden&#8221; hover_transition_duration=&#8221;0ms&#8221; hover_transition_speed_curve=&#8221;ease-in-out&#8221; hover_enabled=&#8221;0&#8243; global_colors_info=&#8221;{}&#8221; sticky_transition=&#8221;on&#8221; title_text=&#8221;portada2026&#8243; sticky_enabled=&#8221;0&#8243;]<\/p>\n<p><span>Trobareu la millor artesania a la fira dels artesans de Sant Cugat, a la <strong>Pla\u00e7a Octavi\u00e0 (Monestir)<\/strong>.<br \/>Aquest any 2025, ens trobareu com sempre <strong>el segon dissabte de cada mes<\/strong>, i tamb\u00e9 <strong>els quarts dissabtes<\/strong>, igualment a la Pla\u00e7a Octavi\u00e0. Consulteu el calendari de fires <a href=\"https:\/\/artesansdesantcugat.com\/index.php\/agenda\/\">aqu\u00ed<\/a>.<br \/><\/span><\/p>\n<p>&nbsp;<\/p>\n<p>&nbsp;<\/p>\n<p>&nbsp;<\/p>\n<p>&nbsp;<\/p>\n<p>[\/et_pb_slide][\/et_pb_slider][\/et_pb_column][\/et_pb_row][et_pb_row _builder_version=&#8221;4.16&#8243; width=&#8221;100%&#8221; max_width=&#8221;1920px&#8221; custom_margin=&#8221;-80px||-80px||false|false&#8221; global_colors_info=&#8221;{}&#8221;][et_pb_column type=&#8221;4_4&#8243; _builder_version=&#8221;4.16&#8243; global_colors_info=&#8221;{}&#8221;][et_pb_image src=&#8221;https:\/\/artesansdesantcugat.com\/wp-content\/uploads\/2026\/01\/portadamobil2026.jpg&#8221; alt=&#8221;fira d&#8217;artesania 9 d&#8217;abril&#8221; title_text=&#8221;portadamobil2026&#8243; url=&#8221;https:\/\/artesansdesantcugat.com\/index.php\/properesfires\/&#8221; align=&#8221;center&#8221; disabled_on=&#8221;off|on|on&#8221; _builder_version=&#8221;4.27.4&#8243; hover_enabled=&#8221;0&#8243; global_colors_info=&#8221;{}&#8221; sticky_enabled=&#8221;0&#8243;][\/et_pb_image][\/et_pb_column][\/et_pb_row][et_pb_row column_structure=&#8221;1_2,1_2&#8243; disabled_on=&#8221;on|on|off&#8221; _builder_version=&#8221;4.19.5&#8243; _module_preset=&#8221;default&#8221; custom_margin=&#8221;20px||-80px||false|false&#8221; global_colors_info=&#8221;{}&#8221;][et_pb_column type=&#8221;1_2&#8243; _builder_version=&#8221;4.19.0&#8243; _module_preset=&#8221;default&#8221; global_colors_info=&#8221;{}&#8221;][et_pb_text _builder_version=&#8221;4.19.0&#8243; _module_preset=&#8221;default&#8221; global_colors_info=&#8221;{}&#8221;]<\/p>\n<p style=\"text-align: left;\"><img loading=\"lazy\" decoding=\"async\" src=\"https:\/\/artesansdesantcugat.com\/wp-content\/uploads\/2022\/11\/mercatdartesans.jpg\" width=\"247\" height=\"54\" alt=\"\" class=\"wp-image-675 alignnone size-full\" \/><\/p>\n<p>[\/et_pb_text][\/et_pb_column][et_pb_column type=&#8221;1_2&#8243; _builder_version=&#8221;4.19.0&#8243; _module_preset=&#8221;default&#8221; global_colors_info=&#8221;{}&#8221;][et_pb_text _builder_version=&#8221;4.19.0&#8243; _module_preset=&#8221;default&#8221; global_colors_info=&#8221;{}&#8221;]<\/p>\n<p style=\"text-align: right;\">Amb la col\u00b7laboraci\u00f3 de<br \/><a href=\"https:\/\/www.totsantcugat.cat\/\" target=\"_blank\" rel=\"noopener\"><img loading=\"lazy\" decoding=\"async\" src=\"https:\/\/artesansdesantcugat.com\/wp-content\/uploads\/2022\/11\/totsantcugat-1.jpg\" width=\"208\" height=\"34\" alt=\"\" class=\"wp-image-660 alignnone size-full\" \/><\/a><\/p>\n<p>[\/et_pb_text][\/et_pb_column][\/et_pb_row][et_pb_row column_structure=&#8221;1_2,1_2&#8243; disabled_on=&#8221;off|off|on&#8221; _builder_version=&#8221;4.19.0&#8243; _module_preset=&#8221;default&#8221; custom_margin=&#8221;20px||-70px||false|false&#8221; global_colors_info=&#8221;{}&#8221;][et_pb_column type=&#8221;1_2&#8243; _builder_version=&#8221;4.19.0&#8243; _module_preset=&#8221;default&#8221; global_colors_info=&#8221;{}&#8221;][et_pb_text disabled_on=&#8221;off|off|off&#8221; _builder_version=&#8221;4.19.0&#8243; _module_preset=&#8221;default&#8221; global_colors_info=&#8221;{}&#8221;][\/et_pb_text][\/et_pb_column][et_pb_column type=&#8221;1_2&#8243; _builder_version=&#8221;4.19.0&#8243; _module_preset=&#8221;default&#8221; global_colors_info=&#8221;{}&#8221;][et_pb_text _builder_version=&#8221;4.19.0&#8243; _module_preset=&#8221;default&#8221; global_colors_info=&#8221;{}&#8221;]<\/p>\n<p style=\"text-align: right;\">Amb la col\u00b7laboraci\u00f3 de<br \/><a href=\"https:\/\/www.totsantcugat.cat\/\" target=\"_blank\" rel=\"noopener\"><img loading=\"lazy\" decoding=\"async\" src=\"https:\/\/artesansdesantcugat.com\/wp-content\/uploads\/2022\/11\/totsantcugat-1.jpg\" width=\"208\" height=\"34\" alt=\"\" class=\"wp-image-660 alignnone size-full\" \/><\/a><\/p>\n<p>[\/et_pb_text][\/et_pb_column][\/et_pb_row][\/et_pb_section]<\/p>\n","protected":false},"excerpt":{"rendered":"<p>Trobareu la millor artesania a la fira dels artesans de Sant Cugat, a la Pla\u00e7a Octavi\u00e0 (Monestir).Aquest any 2025, ens trobareu com sempre el segon dissabte de cada mes, i tamb\u00e9 els quarts dissabtes, igualment a la Pla\u00e7a Octavi\u00e0. Consulteu el calendari de fires aqu\u00ed. &nbsp; &nbsp; &nbsp; &nbsp;Amb la col\u00b7laboraci\u00f3 deAmb la col\u00b7laboraci\u00f3 de<\/p>\n","protected":false},"author":1,"featured_media":0,"parent":0,"menu_order":0,"comment_status":"closed","ping_status":"closed","template":"","meta":{"_et_pb_use_builder":"on","_et_pb_old_content":"","_et_gb_content_width":"","footnotes":""},"class_list":["post-43","page","type-page","status-publish","hentry"],"_links":{"self":[{"href":"https:\/\/artesansdesantcugat.com\/index.php\/wp-json\/wp\/v2\/pages\/43","targetHints":{"allow":["GET"]}}],"collection":[{"href":"https:\/\/artesansdesantcugat.com\/index.php\/wp-json\/wp\/v2\/pages"}],"about":[{"href":"https:\/\/artesansdesantcugat.com\/index.php\/wp-json\/wp\/v2\/types\/page"}],"author":[{"embeddable":true,"href":"https:\/\/artesansdesantcugat.com\/index.php\/wp-json\/wp\/v2\/users\/1"}],"replies":[{"embeddable":true,"href":"https:\/\/artesansdesantcugat.com\/index.php\/wp-json\/wp\/v2\/comments?post=43"}],"version-history":[{"count":144,"href":"https:\/\/artesansdesantcugat.com\/index.php\/wp-json\/wp\/v2\/pages\/43\/revisions"}],"predecessor-version":[{"id":1034,"href":"https:\/\/artesansdesantcugat.com\/index.php\/wp-json\/wp\/v2\/pages\/43\/revisions\/1034"}],"wp:attachment":[{"href":"https:\/\/artesansdesantcugat.com\/index.php\/wp-json\/wp\/v2\/media?parent=43"}],"curies":[{"name":"wp","href":"https:\/\/api.w.org\/{rel}","templated":true}]}}